{"id":196,"date":"2024-01-03T20:15:40","date_gmt":"2024-01-03T20:15:40","guid":{"rendered":"https:\/\/ilonakaufmann.de\/wordpress\/?page_id=196"},"modified":"2025-11-17T20:47:07","modified_gmt":"2025-11-17T20:47:07","slug":"impressum","status":"publish","type":"page","link":"https:\/\/ilonakaufmann.de\/wordpress\/impressum\/","title":{"rendered":"Impressum"},"content":{"rendered":"\t\t<div data-elementor-type=\"wp-page\" data-elementor-id=\"196\" class=\"elementor elementor-196\" data-elementor-settings=\"[]\">\n\t\t\t\t\t\t\t<div class=\"elementor-section-wrap\">\n\t\t\t\t\t\t\t<section class=\"elementor-section elementor-top-section elementor-element elementor-element-46e4d5e elementor-section-boxed elementor-section-height-default elementor-section-height-default\" data-id=\"46e4d5e\" data-element_type=\"section\">\n\t\t\t\t\t\t<div class=\"elementor-container elementor-column-gap-default\">\n\t\t\t\t\t<div class=\"elementor-column elementor-col-100 elementor-top-column elementor-element elementor-element-216d9542\" data-id=\"216d9542\" data-element_type=\"column\">\n\t\t\t<div class=\"elementor-widget-wrap elementor-element-populated\">\n\t\t\t\t\t\t\t\t<div class=\"elementor-element elementor-element-6378577a elementor-widget elementor-widget-text-editor\" data-id=\"6378577a\" data-element_type=\"widget\" data-widget_type=\"text-editor.default\">\n\t\t\t\t<div class=\"elementor-widget-container\">\n\t\t\t\t\t\t\t\t<!-- wp:paragraph --><!-- \/wp:paragraph --><!-- wp:heading {\"level\":3} --><!-- \/wp:heading --><!-- wp:paragraph -->\n<p>Seiteninhaber und Verantwortliche:<br \/><br \/>Ilona Kaufmann<br \/>Ludwigsburger Strasse 23, 71711 Steinheim a.d.M.<\/p>\n<!-- \/wp:paragraph --><!-- wp:heading {\"level\":4} -->\n<h4 class=\"wp-block-heading\">Kontakt<\/h4>\n<!-- \/wp:heading --><!-- wp:paragraph -->\n<p>Mail: ilona.kaufmann@gmx.de<\/p>\n<p>Tel.: +49 (0) 1512 8232 022<\/p>\n<p>\u00a0<\/p>\n<h4 class=\"wp-block-heading\">Urheberrecht\u00a9<\/h4>\n<p>F\u00fcr alle Werke auf dieser Homepage besteht Urheberecht, diese d\u00fcrfen nicht ohne schriftliche Zustimmung der K\u00fcnstlerin vervielf\u00e4ltigt, verbreitet oder gespeichert werden!<\/p>\n<!-- \/wp:paragraph --><!-- wp:paragraph --><!-- \/wp:paragraph -->\t\t\t\t\t\t<\/div>\n\t\t\t\t<\/div>\n\t\t\t\t\t<\/div>\n\t\t<\/div>\n\t\t\t\t\t\t\t<\/div>\n\t\t<\/section>\n\t\t\t\t\t\t<\/div>\n\t\t\t\t\t<\/div>\n\t\t","protected":false},"excerpt":{"rendered":"<p>Seiteninhaber und Verantwortliche: Ilona KaufmannLudwigsburger Strasse 23, 71711 Steinheim a.d.M. Kontakt Mail: ilona.kaufmann@gmx.de Tel.: +49 (0) 1512 8232 022 \u00a0 Urheberrecht\u00a9 F\u00fcr alle Werke auf [&hellip;]<\/p>\n","protected":false},"author":1,"featured_media":0,"parent":0,"menu_order":0,"comment_status":"closed","ping_status":"closed","template":"","meta":{"footnotes":""},"class_list":["post-196","page","type-page","status-publish","hentry"],"_links":{"self":[{"href":"https:\/\/ilonakaufmann.de\/wordpress\/wp-json\/wp\/v2\/pages\/196","targetHints":{"allow":["GET"]}}],"collection":[{"href":"https:\/\/ilonakaufmann.de\/wordpress\/wp-json\/wp\/v2\/pages"}],"about":[{"href":"https:\/\/ilonakaufmann.de\/wordpress\/wp-json\/wp\/v2\/types\/page"}],"author":[{"embeddable":true,"href":"https:\/\/ilonakaufmann.de\/wordpress\/wp-json\/wp\/v2\/users\/1"}],"replies":[{"embeddable":true,"href":"https:\/\/ilonakaufmann.de\/wordpress\/wp-json\/wp\/v2\/comments?post=196"}],"version-history":[{"count":30,"href":"https:\/\/ilonakaufmann.de\/wordpress\/wp-json\/wp\/v2\/pages\/196\/revisions"}],"predecessor-version":[{"id":338,"href":"https:\/\/ilonakaufmann.de\/wordpress\/wp-json\/wp\/v2\/pages\/196\/revisions\/338"}],"wp:attachment":[{"href":"https:\/\/ilonakaufmann.de\/wordpress\/wp-json\/wp\/v2\/media?parent=196"}],"curies":[{"name":"wp","href":"https:\/\/api.w.org\/{rel}","templated":true}]}}